{"id":1965,"date":"2022-04-22T11:45:06","date_gmt":"2022-04-22T11:45:06","guid":{"rendered":"https:\/\/naturbajta.si\/?post_type=product&#038;p=1965"},"modified":"2022-06-27T15:00:08","modified_gmt":"2022-06-27T15:00:08","slug":"leseni-uhani-black","status":"publish","type":"product","link":"https:\/\/naturbajta.si\/en\/izdelek\/leseni-uhani-black\/","title":{"rendered":"Leseni uhani Black"},"content":{"rendered":"<p>Kovinska osnova za uhane Black ne vsebuje niklja, kadmija in svinca, vsebuje pa svin\u010dev oksid (PbO), kar pomeni, da spada v prvi razred, tako kot osnove iz kirur\u0161kega jekla, zlata, srebra ter osnove iz platine, paladija, iridija, rutenija, rodija in osmija. Lesen par uhanov zajema ro\u010dno izdelavo in barvanje. Barvan del uhana je premazan z akrilom. Uhani so za\u0161\u010diteni z oljem na naravni osnovi. Uhani so narejeni iz slovenskega lesa in iz odpadnih kosov. Uhani so narejeni pod blagovno znamko VariusDesign.<\/p>\n","protected":false},"excerpt":{"rendered":"<p>Ro\u010dno izdelani leseni uhani Black so narejeni iz bukovega lesa. Ustvarjajo tako \u0161porten kot eleganten videz.<\/p>\n","protected":false},"featured_media":2451,"comment_status":"open","ping_status":"closed","template":"","meta":[],"product_brand":[],"product_cat":[46],"product_tag":[],"class_list":{"0":"post-1965","1":"product","2":"type-product","3":"status-publish","4":"has-post-thumbnail","6":"product_cat-leseni-izdelki","8":"first","9":"instock","10":"shipping-taxable","11":"purchasable","12":"product-type-simple"},"yoast_head":"<!-- This site is optimized with the Yoast SEO plugin v24.7 - https:\/\/yoast.com\/wordpress\/plugins\/seo\/ -->\n<title>Leseni uhani Black - NATUR BAJTA<\/title>\n<meta name=\"description\" content=\"Ro\u010dno izdelani leseni uhani Black so narejeni iz bukovega lesa. Ustvarjajo tako \u0161porten kot eleganten videz.\" \/>\n<meta name=\"robots\" content=\"index, follow, max-snippet:-1, max-image-preview:large, max-video-preview:-1\" \/>\n<link rel=\"canonical\" href=\"https:\/\/naturbajta.si\/en\/izdelek\/leseni-uhani-black\/\" \/>\n<meta property=\"og:locale\" content=\"en_US\" \/>\n<meta property=\"og:type\" content=\"article\" \/>\n<meta property=\"og:title\" content=\"Leseni uhani Black - NATUR BAJTA\" \/>\n<meta property=\"og:description\" content=\"Ro\u010dno izdelani leseni uhani Black so narejeni iz bukovega lesa. Ustvarjajo tako \u0161porten kot eleganten videz.\" \/>\n<meta property=\"og:url\" content=\"https:\/\/naturbajta.si\/en\/izdelek\/leseni-uhani-black\/\" \/>\n<meta property=\"og:site_name\" content=\"NATUR BAJTA\" \/>\n<meta property=\"article:publisher\" content=\"https:\/\/www.facebook.com\/naturbajta\" \/>\n<meta property=\"article:modified_time\" content=\"2022-06-27T15:00:08+00:00\" \/>\n<meta property=\"og:image\" content=\"https:\/\/naturbajta.si\/wp-content\/uploads\/2022\/04\/Natur-Bajta-izdelek-27.jpg\" \/>\n\t<meta property=\"og:image:width\" content=\"1200\" \/>\n\t<meta property=\"og:image:height\" content=\"798\" \/>\n\t<meta property=\"og:image:type\" content=\"image\/jpeg\" \/>\n<meta name=\"twitter:card\" content=\"summary_large_image\" \/>\n<meta name=\"twitter:label1\" content=\"Est. reading time\" \/>\n\t<meta name=\"twitter:data1\" content=\"1 minute\" \/>\n<script type=\"application\/ld+json\" class=\"yoast-schema-graph\">{\"@context\":\"https:\/\/schema.org\",\"@graph\":[{\"@type\":\"WebPage\",\"@id\":\"https:\/\/naturbajta.si\/en\/izdelek\/leseni-uhani-black\/\",\"url\":\"https:\/\/naturbajta.si\/en\/izdelek\/leseni-uhani-black\/\",\"name\":\"Leseni uhani Black - NATUR BAJTA\",\"isPartOf\":{\"@id\":\"https:\/\/naturbajta.si\/en\/#website\"},\"primaryImageOfPage\":{\"@id\":\"https:\/\/naturbajta.si\/en\/izdelek\/leseni-uhani-black\/#primaryimage\"},\"image\":{\"@id\":\"https:\/\/naturbajta.si\/en\/izdelek\/leseni-uhani-black\/#primaryimage\"},\"thumbnailUrl\":\"https:\/\/naturbajta.si\/wp-content\/uploads\/2022\/04\/Natur-Bajta-izdelek-27.jpg\",\"datePublished\":\"2022-04-22T11:45:06+00:00\",\"dateModified\":\"2022-06-27T15:00:08+00:00\",\"description\":\"Ro\u010dno izdelani leseni uhani Black so narejeni iz bukovega lesa. Ustvarjajo tako \u0161porten kot eleganten videz.\",\"breadcrumb\":{\"@id\":\"https:\/\/naturbajta.si\/en\/izdelek\/leseni-uhani-black\/#breadcrumb\"},\"inLanguage\":\"en-US\",\"potentialAction\":[{\"@type\":\"ReadAction\",\"target\":[\"https:\/\/naturbajta.si\/en\/izdelek\/leseni-uhani-black\/\"]}]},{\"@type\":\"ImageObject\",\"inLanguage\":\"en-US\",\"@id\":\"https:\/\/naturbajta.si\/en\/izdelek\/leseni-uhani-black\/#primaryimage\",\"url\":\"https:\/\/naturbajta.si\/wp-content\/uploads\/2022\/04\/Natur-Bajta-izdelek-27.jpg\",\"contentUrl\":\"https:\/\/naturbajta.si\/wp-content\/uploads\/2022\/04\/Natur-Bajta-izdelek-27.jpg\",\"width\":1200,\"height\":798},{\"@type\":\"BreadcrumbList\",\"@id\":\"https:\/\/naturbajta.si\/en\/izdelek\/leseni-uhani-black\/#breadcrumb\",\"itemListElement\":[{\"@type\":\"ListItem\",\"position\":1,\"name\":\"Home\",\"item\":\"https:\/\/naturbajta.si\/en\/\"},{\"@type\":\"ListItem\",\"position\":2,\"name\":\"Shop\",\"item\":\"https:\/\/naturbajta.si\/en\/shop-2\/\"},{\"@type\":\"ListItem\",\"position\":3,\"name\":\"Leseni uhani Black\"}]},{\"@type\":\"WebSite\",\"@id\":\"https:\/\/naturbajta.si\/en\/#website\",\"url\":\"https:\/\/naturbajta.si\/en\/\",\"name\":\"NATUR BAJTA\",\"description\":\"Za\u010duti naravo, za\u010duti srce\",\"publisher\":{\"@id\":\"https:\/\/naturbajta.si\/en\/#organization\"},\"potentialAction\":[{\"@type\":\"SearchAction\",\"target\":{\"@type\":\"EntryPoint\",\"urlTemplate\":\"https:\/\/naturbajta.si\/en\/?s={search_term_string}\"},\"query-input\":{\"@type\":\"PropertyValueSpecification\",\"valueRequired\":true,\"valueName\":\"search_term_string\"}}],\"inLanguage\":\"en-US\"},{\"@type\":\"Organization\",\"@id\":\"https:\/\/naturbajta.si\/en\/#organization\",\"name\":\"NATUR BAJTA\",\"url\":\"https:\/\/naturbajta.si\/en\/\",\"logo\":{\"@type\":\"ImageObject\",\"inLanguage\":\"en-US\",\"@id\":\"https:\/\/naturbajta.si\/en\/#\/schema\/logo\/image\/\",\"url\":\"https:\/\/naturbajta.si\/wp-content\/uploads\/2022\/04\/Naturbajta-logo.png\",\"contentUrl\":\"https:\/\/naturbajta.si\/wp-content\/uploads\/2022\/04\/Naturbajta-logo.png\",\"width\":1000,\"height\":969,\"caption\":\"NATUR BAJTA\"},\"image\":{\"@id\":\"https:\/\/naturbajta.si\/en\/#\/schema\/logo\/image\/\"},\"sameAs\":[\"https:\/\/www.facebook.com\/naturbajta\"]}]}<\/script>\n<!-- \/ Yoast SEO plugin. -->","yoast_head_json":{"title":"Leseni uhani Black - NATUR BAJTA","description":"Ro\u010dno izdelani leseni uhani Black so narejeni iz bukovega lesa. Ustvarjajo tako \u0161porten kot eleganten videz.","robots":{"index":"index","follow":"follow","max-snippet":"max-snippet:-1","max-image-preview":"max-image-preview:large","max-video-preview":"max-video-preview:-1"},"canonical":"https:\/\/naturbajta.si\/en\/izdelek\/leseni-uhani-black\/","og_locale":"en_US","og_type":"article","og_title":"Leseni uhani Black - NATUR BAJTA","og_description":"Ro\u010dno izdelani leseni uhani Black so narejeni iz bukovega lesa. Ustvarjajo tako \u0161porten kot eleganten videz.","og_url":"https:\/\/naturbajta.si\/en\/izdelek\/leseni-uhani-black\/","og_site_name":"NATUR BAJTA","article_publisher":"https:\/\/www.facebook.com\/naturbajta","article_modified_time":"2022-06-27T15:00:08+00:00","og_image":[{"width":1200,"height":798,"url":"https:\/\/naturbajta.si\/wp-content\/uploads\/2022\/04\/Natur-Bajta-izdelek-27.jpg","type":"image\/jpeg"}],"twitter_card":"summary_large_image","twitter_misc":{"Est. reading time":"1 minute"},"schema":{"@context":"https:\/\/schema.org","@graph":[{"@type":"WebPage","@id":"https:\/\/naturbajta.si\/en\/izdelek\/leseni-uhani-black\/","url":"https:\/\/naturbajta.si\/en\/izdelek\/leseni-uhani-black\/","name":"Leseni uhani Black - NATUR BAJTA","isPartOf":{"@id":"https:\/\/naturbajta.si\/en\/#website"},"primaryImageOfPage":{"@id":"https:\/\/naturbajta.si\/en\/izdelek\/leseni-uhani-black\/#primaryimage"},"image":{"@id":"https:\/\/naturbajta.si\/en\/izdelek\/leseni-uhani-black\/#primaryimage"},"thumbnailUrl":"https:\/\/naturbajta.si\/wp-content\/uploads\/2022\/04\/Natur-Bajta-izdelek-27.jpg","datePublished":"2022-04-22T11:45:06+00:00","dateModified":"2022-06-27T15:00:08+00:00","description":"Ro\u010dno izdelani leseni uhani Black so narejeni iz bukovega lesa. Ustvarjajo tako \u0161porten kot eleganten videz.","breadcrumb":{"@id":"https:\/\/naturbajta.si\/en\/izdelek\/leseni-uhani-black\/#breadcrumb"},"inLanguage":"en-US","potentialAction":[{"@type":"ReadAction","target":["https:\/\/naturbajta.si\/en\/izdelek\/leseni-uhani-black\/"]}]},{"@type":"ImageObject","inLanguage":"en-US","@id":"https:\/\/naturbajta.si\/en\/izdelek\/leseni-uhani-black\/#primaryimage","url":"https:\/\/naturbajta.si\/wp-content\/uploads\/2022\/04\/Natur-Bajta-izdelek-27.jpg","contentUrl":"https:\/\/naturbajta.si\/wp-content\/uploads\/2022\/04\/Natur-Bajta-izdelek-27.jpg","width":1200,"height":798},{"@type":"BreadcrumbList","@id":"https:\/\/naturbajta.si\/en\/izdelek\/leseni-uhani-black\/#breadcrumb","itemListElement":[{"@type":"ListItem","position":1,"name":"Home","item":"https:\/\/naturbajta.si\/en\/"},{"@type":"ListItem","position":2,"name":"Shop","item":"https:\/\/naturbajta.si\/en\/shop-2\/"},{"@type":"ListItem","position":3,"name":"Leseni uhani Black"}]},{"@type":"WebSite","@id":"https:\/\/naturbajta.si\/en\/#website","url":"https:\/\/naturbajta.si\/en\/","name":"NATUR BAJTA","description":"Za\u010duti naravo, za\u010duti srce","publisher":{"@id":"https:\/\/naturbajta.si\/en\/#organization"},"potentialAction":[{"@type":"SearchAction","target":{"@type":"EntryPoint","urlTemplate":"https:\/\/naturbajta.si\/en\/?s={search_term_string}"},"query-input":{"@type":"PropertyValueSpecification","valueRequired":true,"valueName":"search_term_string"}}],"inLanguage":"en-US"},{"@type":"Organization","@id":"https:\/\/naturbajta.si\/en\/#organization","name":"NATUR BAJTA","url":"https:\/\/naturbajta.si\/en\/","logo":{"@type":"ImageObject","inLanguage":"en-US","@id":"https:\/\/naturbajta.si\/en\/#\/schema\/logo\/image\/","url":"https:\/\/naturbajta.si\/wp-content\/uploads\/2022\/04\/Naturbajta-logo.png","contentUrl":"https:\/\/naturbajta.si\/wp-content\/uploads\/2022\/04\/Naturbajta-logo.png","width":1000,"height":969,"caption":"NATUR BAJTA"},"image":{"@id":"https:\/\/naturbajta.si\/en\/#\/schema\/logo\/image\/"},"sameAs":["https:\/\/www.facebook.com\/naturbajta"]}]}},"_links":{"self":[{"href":"https:\/\/naturbajta.si\/en\/wp-json\/wp\/v2\/product\/1965","targetHints":{"allow":["GET"]}}],"collection":[{"href":"https:\/\/naturbajta.si\/en\/wp-json\/wp\/v2\/product"}],"about":[{"href":"https:\/\/naturbajta.si\/en\/wp-json\/wp\/v2\/types\/product"}],"replies":[{"embeddable":true,"href":"https:\/\/naturbajta.si\/en\/wp-json\/wp\/v2\/comments?post=1965"}],"wp:featuredmedia":[{"embeddable":true,"href":"https:\/\/naturbajta.si\/en\/wp-json\/wp\/v2\/media\/2451"}],"wp:attachment":[{"href":"https:\/\/naturbajta.si\/en\/wp-json\/wp\/v2\/media?parent=1965"}],"wp:term":[{"taxonomy":"product_brand","embeddable":true,"href":"https:\/\/naturbajta.si\/en\/wp-json\/wp\/v2\/product_brand?post=1965"},{"taxonomy":"product_cat","embeddable":true,"href":"https:\/\/naturbajta.si\/en\/wp-json\/wp\/v2\/product_cat?post=1965"},{"taxonomy":"product_tag","embeddable":true,"href":"https:\/\/naturbajta.si\/en\/wp-json\/wp\/v2\/product_tag?post=1965"}],"curies":[{"name":"wp","href":"https:\/\/api.w.org\/{rel}","templated":true}]}}