{"id":1973,"date":"2022-04-22T11:51:32","date_gmt":"2022-04-22T11:51:32","guid":{"rendered":"https:\/\/naturbajta.si\/?post_type=product&#038;p=1973"},"modified":"2022-10-05T07:38:03","modified_gmt":"2022-10-05T07:38:03","slug":"ovitek-za-telefon","status":"publish","type":"product","link":"https:\/\/naturbajta.si\/en\/izdelek\/ovitek-za-telefon\/","title":{"rendered":"Ovitek za telefon American Walnut"},"content":{"rendered":"<p>Ovitek American Walnut je naoljen in ro\u010dno dokon\u010dan. Vsak ovitek je unikaten, saj dva kosa lesa nikoli nista povsem enaka.<\/p>\n<p>Ovitek je topel in prijeten na dotik, zelo tanek in prevle\u010den s plastjo kav\u010duka, ki \u0161\u010diti pred udarci.<\/p>\n<p>Zakaj izbrati ovitek American Walnut?<br \/>\nKER \u2026<br \/>\n\uf0fc omogo\u010da hiter snap on in snap off<br \/>\n\uf0fc ima posebno naravno strukturo lesa<br \/>\n\uf0fc je narejen z natan\u010dno lasersko obdelavo in gravuro<br \/>\n\uf0fc je ro\u010dno izdelan v Evropi<br \/>\n\uf0fc ga je mogo\u010de reciklirati (SGS certificirana, netoksi\u010dna izdelava)<br \/>\n\uf0fc je privla\u010dnega modernega videza<br \/>\n\uf0fc zagotavlja dober oprijem<br \/>\n\uf0fc ustreza brez\u017ei\u010dnemu polnjenju<br \/>\n\uf0fc je zdru\u017eljiv z mag safe<\/p>\n","protected":false},"excerpt":{"rendered":"<p>\u010ce potrebujete kakovosten in poseben lesen ovitek za va\u0161 telefon, ste ga na\u0161li. Lesen ovitek American Walnut je izdelan iz najbolj\u0161ega in skrbno izbranega lesa ameri\u0161kega oreha.<\/p>\n","protected":false},"featured_media":2426,"comment_status":"open","ping_status":"closed","template":"","meta":[],"product_brand":[],"product_cat":[46],"product_tag":[],"class_list":{"0":"post-1973","1":"product","2":"type-product","3":"status-publish","4":"has-post-thumbnail","6":"product_cat-leseni-izdelki","8":"first","9":"instock","10":"shipping-taxable","11":"purchasable","12":"product-type-simple"},"yoast_head":"<!-- This site is optimized with the Yoast SEO plugin v24.7 - https:\/\/yoast.com\/wordpress\/plugins\/seo\/ -->\n<title>Ovitek za telefon American Walnut - NATUR BAJTA<\/title>\n<meta name=\"description\" content=\"\u010ce potrebujete kakovosten lesen ovitek za va\u0161 telefon, ste ga na\u0161li. Ovitek American Walnut je izdelan iz skrbno izbranega lesa ameri\u0161kega oreha.\" \/>\n<meta name=\"robots\" content=\"index, follow, max-snippet:-1, max-image-preview:large, max-video-preview:-1\" \/>\n<link rel=\"canonical\" href=\"https:\/\/naturbajta.si\/en\/izdelek\/ovitek-za-telefon\/\" \/>\n<meta property=\"og:locale\" content=\"en_US\" \/>\n<meta property=\"og:type\" content=\"article\" \/>\n<meta property=\"og:title\" content=\"Ovitek za telefon American Walnut - NATUR BAJTA\" \/>\n<meta property=\"og:description\" content=\"\u010ce potrebujete kakovosten lesen ovitek za va\u0161 telefon, ste ga na\u0161li. Ovitek American Walnut je izdelan iz skrbno izbranega lesa ameri\u0161kega oreha.\" \/>\n<meta property=\"og:url\" content=\"https:\/\/naturbajta.si\/en\/izdelek\/ovitek-za-telefon\/\" \/>\n<meta property=\"og:site_name\" content=\"NATUR BAJTA\" \/>\n<meta property=\"article:publisher\" content=\"https:\/\/www.facebook.com\/naturbajta\" \/>\n<meta property=\"article:modified_time\" content=\"2022-10-05T07:38:03+00:00\" \/>\n<meta property=\"og:image\" content=\"https:\/\/naturbajta.si\/wp-content\/uploads\/2022\/04\/Natur-Bajta-izdelek-76.jpg\" \/>\n\t<meta property=\"og:image:width\" content=\"1200\" \/>\n\t<meta property=\"og:image:height\" content=\"798\" \/>\n\t<meta property=\"og:image:type\" content=\"image\/jpeg\" \/>\n<meta name=\"twitter:card\" content=\"summary_large_image\" \/>\n<meta name=\"twitter:label1\" content=\"Est. reading time\" \/>\n\t<meta name=\"twitter:data1\" content=\"1 minute\" \/>\n<script type=\"application\/ld+json\" class=\"yoast-schema-graph\">{\"@context\":\"https:\/\/schema.org\",\"@graph\":[{\"@type\":\"WebPage\",\"@id\":\"https:\/\/naturbajta.si\/en\/izdelek\/ovitek-za-telefon\/\",\"url\":\"https:\/\/naturbajta.si\/en\/izdelek\/ovitek-za-telefon\/\",\"name\":\"Ovitek za telefon American Walnut - NATUR BAJTA\",\"isPartOf\":{\"@id\":\"https:\/\/naturbajta.si\/en\/#website\"},\"primaryImageOfPage\":{\"@id\":\"https:\/\/naturbajta.si\/en\/izdelek\/ovitek-za-telefon\/#primaryimage\"},\"image\":{\"@id\":\"https:\/\/naturbajta.si\/en\/izdelek\/ovitek-za-telefon\/#primaryimage\"},\"thumbnailUrl\":\"https:\/\/naturbajta.si\/wp-content\/uploads\/2022\/04\/Natur-Bajta-izdelek-76.jpg\",\"datePublished\":\"2022-04-22T11:51:32+00:00\",\"dateModified\":\"2022-10-05T07:38:03+00:00\",\"description\":\"\u010ce potrebujete kakovosten lesen ovitek za va\u0161 telefon, ste ga na\u0161li. Ovitek American Walnut je izdelan iz skrbno izbranega lesa ameri\u0161kega oreha.\",\"breadcrumb\":{\"@id\":\"https:\/\/naturbajta.si\/en\/izdelek\/ovitek-za-telefon\/#breadcrumb\"},\"inLanguage\":\"en-US\",\"potentialAction\":[{\"@type\":\"ReadAction\",\"target\":[\"https:\/\/naturbajta.si\/en\/izdelek\/ovitek-za-telefon\/\"]}]},{\"@type\":\"ImageObject\",\"inLanguage\":\"en-US\",\"@id\":\"https:\/\/naturbajta.si\/en\/izdelek\/ovitek-za-telefon\/#primaryimage\",\"url\":\"https:\/\/naturbajta.si\/wp-content\/uploads\/2022\/04\/Natur-Bajta-izdelek-76.jpg\",\"contentUrl\":\"https:\/\/naturbajta.si\/wp-content\/uploads\/2022\/04\/Natur-Bajta-izdelek-76.jpg\",\"width\":1200,\"height\":798},{\"@type\":\"BreadcrumbList\",\"@id\":\"https:\/\/naturbajta.si\/en\/izdelek\/ovitek-za-telefon\/#breadcrumb\",\"itemListElement\":[{\"@type\":\"ListItem\",\"position\":1,\"name\":\"Home\",\"item\":\"https:\/\/naturbajta.si\/en\/\"},{\"@type\":\"ListItem\",\"position\":2,\"name\":\"Shop\",\"item\":\"https:\/\/naturbajta.si\/en\/shop-2\/\"},{\"@type\":\"ListItem\",\"position\":3,\"name\":\"Ovitek za telefon American Walnut\"}]},{\"@type\":\"WebSite\",\"@id\":\"https:\/\/naturbajta.si\/en\/#website\",\"url\":\"https:\/\/naturbajta.si\/en\/\",\"name\":\"NATUR BAJTA\",\"description\":\"Za\u010duti naravo, za\u010duti srce\",\"publisher\":{\"@id\":\"https:\/\/naturbajta.si\/en\/#organization\"},\"potentialAction\":[{\"@type\":\"SearchAction\",\"target\":{\"@type\":\"EntryPoint\",\"urlTemplate\":\"https:\/\/naturbajta.si\/en\/?s={search_term_string}\"},\"query-input\":{\"@type\":\"PropertyValueSpecification\",\"valueRequired\":true,\"valueName\":\"search_term_string\"}}],\"inLanguage\":\"en-US\"},{\"@type\":\"Organization\",\"@id\":\"https:\/\/naturbajta.si\/en\/#organization\",\"name\":\"NATUR BAJTA\",\"url\":\"https:\/\/naturbajta.si\/en\/\",\"logo\":{\"@type\":\"ImageObject\",\"inLanguage\":\"en-US\",\"@id\":\"https:\/\/naturbajta.si\/en\/#\/schema\/logo\/image\/\",\"url\":\"https:\/\/naturbajta.si\/wp-content\/uploads\/2022\/04\/Naturbajta-logo.png\",\"contentUrl\":\"https:\/\/naturbajta.si\/wp-content\/uploads\/2022\/04\/Naturbajta-logo.png\",\"width\":1000,\"height\":969,\"caption\":\"NATUR BAJTA\"},\"image\":{\"@id\":\"https:\/\/naturbajta.si\/en\/#\/schema\/logo\/image\/\"},\"sameAs\":[\"https:\/\/www.facebook.com\/naturbajta\"]}]}<\/script>\n<!-- \/ Yoast SEO plugin. -->","yoast_head_json":{"title":"Ovitek za telefon American Walnut - NATUR BAJTA","description":"\u010ce potrebujete kakovosten lesen ovitek za va\u0161 telefon, ste ga na\u0161li. Ovitek American Walnut je izdelan iz skrbno izbranega lesa ameri\u0161kega oreha.","robots":{"index":"index","follow":"follow","max-snippet":"max-snippet:-1","max-image-preview":"max-image-preview:large","max-video-preview":"max-video-preview:-1"},"canonical":"https:\/\/naturbajta.si\/en\/izdelek\/ovitek-za-telefon\/","og_locale":"en_US","og_type":"article","og_title":"Ovitek za telefon American Walnut - NATUR BAJTA","og_description":"\u010ce potrebujete kakovosten lesen ovitek za va\u0161 telefon, ste ga na\u0161li. Ovitek American Walnut je izdelan iz skrbno izbranega lesa ameri\u0161kega oreha.","og_url":"https:\/\/naturbajta.si\/en\/izdelek\/ovitek-za-telefon\/","og_site_name":"NATUR BAJTA","article_publisher":"https:\/\/www.facebook.com\/naturbajta","article_modified_time":"2022-10-05T07:38:03+00:00","og_image":[{"width":1200,"height":798,"url":"https:\/\/naturbajta.si\/wp-content\/uploads\/2022\/04\/Natur-Bajta-izdelek-76.jpg","type":"image\/jpeg"}],"twitter_card":"summary_large_image","twitter_misc":{"Est. reading time":"1 minute"},"schema":{"@context":"https:\/\/schema.org","@graph":[{"@type":"WebPage","@id":"https:\/\/naturbajta.si\/en\/izdelek\/ovitek-za-telefon\/","url":"https:\/\/naturbajta.si\/en\/izdelek\/ovitek-za-telefon\/","name":"Ovitek za telefon American Walnut - NATUR BAJTA","isPartOf":{"@id":"https:\/\/naturbajta.si\/en\/#website"},"primaryImageOfPage":{"@id":"https:\/\/naturbajta.si\/en\/izdelek\/ovitek-za-telefon\/#primaryimage"},"image":{"@id":"https:\/\/naturbajta.si\/en\/izdelek\/ovitek-za-telefon\/#primaryimage"},"thumbnailUrl":"https:\/\/naturbajta.si\/wp-content\/uploads\/2022\/04\/Natur-Bajta-izdelek-76.jpg","datePublished":"2022-04-22T11:51:32+00:00","dateModified":"2022-10-05T07:38:03+00:00","description":"\u010ce potrebujete kakovosten lesen ovitek za va\u0161 telefon, ste ga na\u0161li. Ovitek American Walnut je izdelan iz skrbno izbranega lesa ameri\u0161kega oreha.","breadcrumb":{"@id":"https:\/\/naturbajta.si\/en\/izdelek\/ovitek-za-telefon\/#breadcrumb"},"inLanguage":"en-US","potentialAction":[{"@type":"ReadAction","target":["https:\/\/naturbajta.si\/en\/izdelek\/ovitek-za-telefon\/"]}]},{"@type":"ImageObject","inLanguage":"en-US","@id":"https:\/\/naturbajta.si\/en\/izdelek\/ovitek-za-telefon\/#primaryimage","url":"https:\/\/naturbajta.si\/wp-content\/uploads\/2022\/04\/Natur-Bajta-izdelek-76.jpg","contentUrl":"https:\/\/naturbajta.si\/wp-content\/uploads\/2022\/04\/Natur-Bajta-izdelek-76.jpg","width":1200,"height":798},{"@type":"BreadcrumbList","@id":"https:\/\/naturbajta.si\/en\/izdelek\/ovitek-za-telefon\/#breadcrumb","itemListElement":[{"@type":"ListItem","position":1,"name":"Home","item":"https:\/\/naturbajta.si\/en\/"},{"@type":"ListItem","position":2,"name":"Shop","item":"https:\/\/naturbajta.si\/en\/shop-2\/"},{"@type":"ListItem","position":3,"name":"Ovitek za telefon American Walnut"}]},{"@type":"WebSite","@id":"https:\/\/naturbajta.si\/en\/#website","url":"https:\/\/naturbajta.si\/en\/","name":"NATUR BAJTA","description":"Za\u010duti naravo, za\u010duti srce","publisher":{"@id":"https:\/\/naturbajta.si\/en\/#organization"},"potentialAction":[{"@type":"SearchAction","target":{"@type":"EntryPoint","urlTemplate":"https:\/\/naturbajta.si\/en\/?s={search_term_string}"},"query-input":{"@type":"PropertyValueSpecification","valueRequired":true,"valueName":"search_term_string"}}],"inLanguage":"en-US"},{"@type":"Organization","@id":"https:\/\/naturbajta.si\/en\/#organization","name":"NATUR BAJTA","url":"https:\/\/naturbajta.si\/en\/","logo":{"@type":"ImageObject","inLanguage":"en-US","@id":"https:\/\/naturbajta.si\/en\/#\/schema\/logo\/image\/","url":"https:\/\/naturbajta.si\/wp-content\/uploads\/2022\/04\/Naturbajta-logo.png","contentUrl":"https:\/\/naturbajta.si\/wp-content\/uploads\/2022\/04\/Naturbajta-logo.png","width":1000,"height":969,"caption":"NATUR BAJTA"},"image":{"@id":"https:\/\/naturbajta.si\/en\/#\/schema\/logo\/image\/"},"sameAs":["https:\/\/www.facebook.com\/naturbajta"]}]}},"_links":{"self":[{"href":"https:\/\/naturbajta.si\/en\/wp-json\/wp\/v2\/product\/1973","targetHints":{"allow":["GET"]}}],"collection":[{"href":"https:\/\/naturbajta.si\/en\/wp-json\/wp\/v2\/product"}],"about":[{"href":"https:\/\/naturbajta.si\/en\/wp-json\/wp\/v2\/types\/product"}],"replies":[{"embeddable":true,"href":"https:\/\/naturbajta.si\/en\/wp-json\/wp\/v2\/comments?post=1973"}],"wp:featuredmedia":[{"embeddable":true,"href":"https:\/\/naturbajta.si\/en\/wp-json\/wp\/v2\/media\/2426"}],"wp:attachment":[{"href":"https:\/\/naturbajta.si\/en\/wp-json\/wp\/v2\/media?parent=1973"}],"wp:term":[{"taxonomy":"product_brand","embeddable":true,"href":"https:\/\/naturbajta.si\/en\/wp-json\/wp\/v2\/product_brand?post=1973"},{"taxonomy":"product_cat","embeddable":true,"href":"https:\/\/naturbajta.si\/en\/wp-json\/wp\/v2\/product_cat?post=1973"},{"taxonomy":"product_tag","embeddable":true,"href":"https:\/\/naturbajta.si\/en\/wp-json\/wp\/v2\/product_tag?post=1973"}],"curies":[{"name":"wp","href":"https:\/\/api.w.org\/{rel}","templated":true}]}}