{"id":2464,"date":"2022-06-27T10:24:30","date_gmt":"2022-06-27T10:24:30","guid":{"rendered":"https:\/\/naturbajta.si\/?post_type=product&#038;p=2464"},"modified":"2024-05-20T08:35:09","modified_gmt":"2024-05-20T08:35:09","slug":"zobna-scetka-befresh-2","status":"publish","type":"product","link":"https:\/\/naturbajta.si\/en\/izdelek\/zobna-scetka-befresh-2\/","title":{"rendered":"Zobna \u0161\u010detka beFresh vijoli\u010dna"},"content":{"rendered":"<p>Glede na razgradljivost lesena zobna \u0161\u010detka predstavlja alternativo obi\u010dajnim plasti\u010dnim zobnim \u0161\u010detkam. Ne vsebuje nevarnega toksina BPA. Pakirana je v biolo\u0161ko razgradljivo kartonasto \u0161katlico. Ima ergonomsko obliko za la\u017eji prijem, zobne \u0161\u010detine pa so iz kakovostnega Dupond nylona.<\/p>\n<p>Izdelek je kakovosten, preverjen s strani in\u0161tituta Bureau Veritas, vodilnega ponudnika storitev na podro\u010dju certificiranja, presku\u0161anja in kontrol.<\/p>\n<p>Izdelek je skladen z evropsko uredbo REACH. Ima atraktiven, barvit videz \u0161\u010detin iz kakovostne PA610 mase, namenjene posebej za zobne \u0161\u010detke.<\/p>\n<p>Po uporabi zobno \u0161\u010detko sperite in jo ne\u017eno obri\u0161ite. Kot ostale \u0161\u010detke, moramo tudi te po treh mesecih uporabe nadomestiti z novimi.<\/p>\n","protected":false},"excerpt":{"rendered":"<p>Biorazgradljiva zobna \u0161\u010detka je ekolo\u0161ka zobna \u0161\u010detka s 100% biolo\u0161ko razgradljivim ro\u010dajem iz MOSO bambusa, izdelana za ekolo\u0161ko ozave\u0161\u010dene, popotnike in bolj zahtevne uporabnike kvalitetnega \u010di\u0161\u010denja zob in dlesni.<\/p>\n","protected":false},"featured_media":2463,"comment_status":"open","ping_status":"closed","template":"","meta":[],"product_brand":[],"product_cat":[46],"product_tag":[],"class_list":{"0":"post-2464","1":"product","2":"type-product","3":"status-publish","4":"has-post-thumbnail","6":"product_cat-leseni-izdelki","8":"first","9":"instock","10":"shipping-taxable","11":"purchasable","12":"product-type-simple"},"yoast_head":"<!-- This site is optimized with the Yoast SEO plugin v24.7 - https:\/\/yoast.com\/wordpress\/plugins\/seo\/ -->\n<title>Zobna \u0161\u010detka beFresh vijoli\u010dna - NATUR BAJTA<\/title>\n<meta name=\"description\" content=\"Biorazgradljiva zobna \u0161\u010detka, izdelana za ekolo\u0161ko ozave\u0161\u010dene, popotnike in bolj zahtevne uporabnike kvalitetnega \u010di\u0161\u010denja zob in dlesni.\" \/>\n<meta name=\"robots\" content=\"index, follow, max-snippet:-1, max-image-preview:large, max-video-preview:-1\" \/>\n<link rel=\"canonical\" href=\"https:\/\/naturbajta.si\/en\/izdelek\/zobna-scetka-befresh-2\/\" \/>\n<meta property=\"og:locale\" content=\"en_US\" \/>\n<meta property=\"og:type\" content=\"article\" \/>\n<meta property=\"og:title\" content=\"Zobna \u0161\u010detka beFresh vijoli\u010dna - NATUR BAJTA\" \/>\n<meta property=\"og:description\" content=\"Biorazgradljiva zobna \u0161\u010detka, izdelana za ekolo\u0161ko ozave\u0161\u010dene, popotnike in bolj zahtevne uporabnike kvalitetnega \u010di\u0161\u010denja zob in dlesni.\" \/>\n<meta property=\"og:url\" content=\"https:\/\/naturbajta.si\/en\/izdelek\/zobna-scetka-befresh-2\/\" \/>\n<meta property=\"og:site_name\" content=\"NATUR BAJTA\" \/>\n<meta property=\"article:publisher\" content=\"https:\/\/www.facebook.com\/naturbajta\" \/>\n<meta property=\"article:modified_time\" content=\"2024-05-20T08:35:09+00:00\" \/>\n<meta property=\"og:image\" content=\"https:\/\/naturbajta.si\/wp-content\/uploads\/2022\/04\/Natur-Bajta-izdelek-82.jpg\" \/>\n\t<meta property=\"og:image:width\" content=\"1200\" \/>\n\t<meta property=\"og:image:height\" content=\"798\" \/>\n\t<meta property=\"og:image:type\" content=\"image\/jpeg\" \/>\n<meta name=\"twitter:card\" content=\"summary_large_image\" \/>\n<meta name=\"twitter:label1\" content=\"Est. reading time\" \/>\n\t<meta name=\"twitter:data1\" content=\"1 minute\" \/>\n<script type=\"application\/ld+json\" class=\"yoast-schema-graph\">{\"@context\":\"https:\/\/schema.org\",\"@graph\":[{\"@type\":\"WebPage\",\"@id\":\"https:\/\/naturbajta.si\/en\/izdelek\/zobna-scetka-befresh-2\/\",\"url\":\"https:\/\/naturbajta.si\/en\/izdelek\/zobna-scetka-befresh-2\/\",\"name\":\"Zobna \u0161\u010detka beFresh vijoli\u010dna - NATUR BAJTA\",\"isPartOf\":{\"@id\":\"https:\/\/naturbajta.si\/en\/#website\"},\"primaryImageOfPage\":{\"@id\":\"https:\/\/naturbajta.si\/en\/izdelek\/zobna-scetka-befresh-2\/#primaryimage\"},\"image\":{\"@id\":\"https:\/\/naturbajta.si\/en\/izdelek\/zobna-scetka-befresh-2\/#primaryimage\"},\"thumbnailUrl\":\"https:\/\/naturbajta.si\/wp-content\/uploads\/2022\/04\/Natur-Bajta-izdelek-82.jpg\",\"datePublished\":\"2022-06-27T10:24:30+00:00\",\"dateModified\":\"2024-05-20T08:35:09+00:00\",\"description\":\"Biorazgradljiva zobna \u0161\u010detka, izdelana za ekolo\u0161ko ozave\u0161\u010dene, popotnike in bolj zahtevne uporabnike kvalitetnega \u010di\u0161\u010denja zob in dlesni.\",\"breadcrumb\":{\"@id\":\"https:\/\/naturbajta.si\/en\/izdelek\/zobna-scetka-befresh-2\/#breadcrumb\"},\"inLanguage\":\"en-US\",\"potentialAction\":[{\"@type\":\"ReadAction\",\"target\":[\"https:\/\/naturbajta.si\/en\/izdelek\/zobna-scetka-befresh-2\/\"]}]},{\"@type\":\"ImageObject\",\"inLanguage\":\"en-US\",\"@id\":\"https:\/\/naturbajta.si\/en\/izdelek\/zobna-scetka-befresh-2\/#primaryimage\",\"url\":\"https:\/\/naturbajta.si\/wp-content\/uploads\/2022\/04\/Natur-Bajta-izdelek-82.jpg\",\"contentUrl\":\"https:\/\/naturbajta.si\/wp-content\/uploads\/2022\/04\/Natur-Bajta-izdelek-82.jpg\",\"width\":1200,\"height\":798},{\"@type\":\"BreadcrumbList\",\"@id\":\"https:\/\/naturbajta.si\/en\/izdelek\/zobna-scetka-befresh-2\/#breadcrumb\",\"itemListElement\":[{\"@type\":\"ListItem\",\"position\":1,\"name\":\"Home\",\"item\":\"https:\/\/naturbajta.si\/en\/\"},{\"@type\":\"ListItem\",\"position\":2,\"name\":\"Shop\",\"item\":\"https:\/\/naturbajta.si\/en\/shop-2\/\"},{\"@type\":\"ListItem\",\"position\":3,\"name\":\"Zobna \u0161\u010detka beFresh vijoli\u010dna\"}]},{\"@type\":\"WebSite\",\"@id\":\"https:\/\/naturbajta.si\/en\/#website\",\"url\":\"https:\/\/naturbajta.si\/en\/\",\"name\":\"NATUR BAJTA\",\"description\":\"Za\u010duti naravo, za\u010duti srce\",\"publisher\":{\"@id\":\"https:\/\/naturbajta.si\/en\/#organization\"},\"potentialAction\":[{\"@type\":\"SearchAction\",\"target\":{\"@type\":\"EntryPoint\",\"urlTemplate\":\"https:\/\/naturbajta.si\/en\/?s={search_term_string}\"},\"query-input\":{\"@type\":\"PropertyValueSpecification\",\"valueRequired\":true,\"valueName\":\"search_term_string\"}}],\"inLanguage\":\"en-US\"},{\"@type\":\"Organization\",\"@id\":\"https:\/\/naturbajta.si\/en\/#organization\",\"name\":\"NATUR BAJTA\",\"url\":\"https:\/\/naturbajta.si\/en\/\",\"logo\":{\"@type\":\"ImageObject\",\"inLanguage\":\"en-US\",\"@id\":\"https:\/\/naturbajta.si\/en\/#\/schema\/logo\/image\/\",\"url\":\"https:\/\/naturbajta.si\/wp-content\/uploads\/2022\/04\/Naturbajta-logo.png\",\"contentUrl\":\"https:\/\/naturbajta.si\/wp-content\/uploads\/2022\/04\/Naturbajta-logo.png\",\"width\":1000,\"height\":969,\"caption\":\"NATUR BAJTA\"},\"image\":{\"@id\":\"https:\/\/naturbajta.si\/en\/#\/schema\/logo\/image\/\"},\"sameAs\":[\"https:\/\/www.facebook.com\/naturbajta\"]}]}<\/script>\n<!-- \/ Yoast SEO plugin. -->","yoast_head_json":{"title":"Zobna \u0161\u010detka beFresh vijoli\u010dna - NATUR BAJTA","description":"Biorazgradljiva zobna \u0161\u010detka, izdelana za ekolo\u0161ko ozave\u0161\u010dene, popotnike in bolj zahtevne uporabnike kvalitetnega \u010di\u0161\u010denja zob in dlesni.","robots":{"index":"index","follow":"follow","max-snippet":"max-snippet:-1","max-image-preview":"max-image-preview:large","max-video-preview":"max-video-preview:-1"},"canonical":"https:\/\/naturbajta.si\/en\/izdelek\/zobna-scetka-befresh-2\/","og_locale":"en_US","og_type":"article","og_title":"Zobna \u0161\u010detka beFresh vijoli\u010dna - NATUR BAJTA","og_description":"Biorazgradljiva zobna \u0161\u010detka, izdelana za ekolo\u0161ko ozave\u0161\u010dene, popotnike in bolj zahtevne uporabnike kvalitetnega \u010di\u0161\u010denja zob in dlesni.","og_url":"https:\/\/naturbajta.si\/en\/izdelek\/zobna-scetka-befresh-2\/","og_site_name":"NATUR BAJTA","article_publisher":"https:\/\/www.facebook.com\/naturbajta","article_modified_time":"2024-05-20T08:35:09+00:00","og_image":[{"width":1200,"height":798,"url":"https:\/\/naturbajta.si\/wp-content\/uploads\/2022\/04\/Natur-Bajta-izdelek-82.jpg","type":"image\/jpeg"}],"twitter_card":"summary_large_image","twitter_misc":{"Est. reading time":"1 minute"},"schema":{"@context":"https:\/\/schema.org","@graph":[{"@type":"WebPage","@id":"https:\/\/naturbajta.si\/en\/izdelek\/zobna-scetka-befresh-2\/","url":"https:\/\/naturbajta.si\/en\/izdelek\/zobna-scetka-befresh-2\/","name":"Zobna \u0161\u010detka beFresh vijoli\u010dna - NATUR BAJTA","isPartOf":{"@id":"https:\/\/naturbajta.si\/en\/#website"},"primaryImageOfPage":{"@id":"https:\/\/naturbajta.si\/en\/izdelek\/zobna-scetka-befresh-2\/#primaryimage"},"image":{"@id":"https:\/\/naturbajta.si\/en\/izdelek\/zobna-scetka-befresh-2\/#primaryimage"},"thumbnailUrl":"https:\/\/naturbajta.si\/wp-content\/uploads\/2022\/04\/Natur-Bajta-izdelek-82.jpg","datePublished":"2022-06-27T10:24:30+00:00","dateModified":"2024-05-20T08:35:09+00:00","description":"Biorazgradljiva zobna \u0161\u010detka, izdelana za ekolo\u0161ko ozave\u0161\u010dene, popotnike in bolj zahtevne uporabnike kvalitetnega \u010di\u0161\u010denja zob in dlesni.","breadcrumb":{"@id":"https:\/\/naturbajta.si\/en\/izdelek\/zobna-scetka-befresh-2\/#breadcrumb"},"inLanguage":"en-US","potentialAction":[{"@type":"ReadAction","target":["https:\/\/naturbajta.si\/en\/izdelek\/zobna-scetka-befresh-2\/"]}]},{"@type":"ImageObject","inLanguage":"en-US","@id":"https:\/\/naturbajta.si\/en\/izdelek\/zobna-scetka-befresh-2\/#primaryimage","url":"https:\/\/naturbajta.si\/wp-content\/uploads\/2022\/04\/Natur-Bajta-izdelek-82.jpg","contentUrl":"https:\/\/naturbajta.si\/wp-content\/uploads\/2022\/04\/Natur-Bajta-izdelek-82.jpg","width":1200,"height":798},{"@type":"BreadcrumbList","@id":"https:\/\/naturbajta.si\/en\/izdelek\/zobna-scetka-befresh-2\/#breadcrumb","itemListElement":[{"@type":"ListItem","position":1,"name":"Home","item":"https:\/\/naturbajta.si\/en\/"},{"@type":"ListItem","position":2,"name":"Shop","item":"https:\/\/naturbajta.si\/en\/shop-2\/"},{"@type":"ListItem","position":3,"name":"Zobna \u0161\u010detka beFresh vijoli\u010dna"}]},{"@type":"WebSite","@id":"https:\/\/naturbajta.si\/en\/#website","url":"https:\/\/naturbajta.si\/en\/","name":"NATUR BAJTA","description":"Za\u010duti naravo, za\u010duti srce","publisher":{"@id":"https:\/\/naturbajta.si\/en\/#organization"},"potentialAction":[{"@type":"SearchAction","target":{"@type":"EntryPoint","urlTemplate":"https:\/\/naturbajta.si\/en\/?s={search_term_string}"},"query-input":{"@type":"PropertyValueSpecification","valueRequired":true,"valueName":"search_term_string"}}],"inLanguage":"en-US"},{"@type":"Organization","@id":"https:\/\/naturbajta.si\/en\/#organization","name":"NATUR BAJTA","url":"https:\/\/naturbajta.si\/en\/","logo":{"@type":"ImageObject","inLanguage":"en-US","@id":"https:\/\/naturbajta.si\/en\/#\/schema\/logo\/image\/","url":"https:\/\/naturbajta.si\/wp-content\/uploads\/2022\/04\/Naturbajta-logo.png","contentUrl":"https:\/\/naturbajta.si\/wp-content\/uploads\/2022\/04\/Naturbajta-logo.png","width":1000,"height":969,"caption":"NATUR BAJTA"},"image":{"@id":"https:\/\/naturbajta.si\/en\/#\/schema\/logo\/image\/"},"sameAs":["https:\/\/www.facebook.com\/naturbajta"]}]}},"_links":{"self":[{"href":"https:\/\/naturbajta.si\/en\/wp-json\/wp\/v2\/product\/2464","targetHints":{"allow":["GET"]}}],"collection":[{"href":"https:\/\/naturbajta.si\/en\/wp-json\/wp\/v2\/product"}],"about":[{"href":"https:\/\/naturbajta.si\/en\/wp-json\/wp\/v2\/types\/product"}],"replies":[{"embeddable":true,"href":"https:\/\/naturbajta.si\/en\/wp-json\/wp\/v2\/comments?post=2464"}],"wp:featuredmedia":[{"embeddable":true,"href":"https:\/\/naturbajta.si\/en\/wp-json\/wp\/v2\/media\/2463"}],"wp:attachment":[{"href":"https:\/\/naturbajta.si\/en\/wp-json\/wp\/v2\/media?parent=2464"}],"wp:term":[{"taxonomy":"product_brand","embeddable":true,"href":"https:\/\/naturbajta.si\/en\/wp-json\/wp\/v2\/product_brand?post=2464"},{"taxonomy":"product_cat","embeddable":true,"href":"https:\/\/naturbajta.si\/en\/wp-json\/wp\/v2\/product_cat?post=2464"},{"taxonomy":"product_tag","embeddable":true,"href":"https:\/\/naturbajta.si\/en\/wp-json\/wp\/v2\/product_tag?post=2464"}],"curies":[{"name":"wp","href":"https:\/\/api.w.org\/{rel}","templated":true}]}}