{"id":2510,"date":"2022-06-27T15:59:11","date_gmt":"2022-06-27T15:59:11","guid":{"rendered":"https:\/\/naturbajta.si\/?post_type=product&#038;p=2510"},"modified":"2022-06-27T16:56:28","modified_gmt":"2022-06-27T16:56:28","slug":"uhani-dvojni-trikotnik-oreh-z-roza","status":"publish","type":"product","link":"https:\/\/naturbajta.si\/en\/izdelek\/uhani-dvojni-trikotnik-oreh-z-roza\/","title":{"rendered":"Uhani Dvojni trikotnik (oreh z roza)"},"content":{"rendered":"<p><strong>Mere:\u00a0<\/strong>1,5 x 1,3 cm<\/p>\n<p><strong>Material:\u00a0<\/strong>les, akrilno steklo; osnova iz nerjave\u010dega jekla<br \/>\nSkrbno oblikovan in ro\u010dno izdelan nakit prejme\u0161 v darilni \u0161katlici.<\/p>\n","protected":false},"excerpt":{"rendered":"<p>Minimalisti\u010dni, a drzni ro\u010dno izdelani uhani v obliki dvojnega trikotnika pristojijo razli\u010dnim slogom in so popolni za radovedne osebnosti. So lahkotni, udobni in pripravljeni, da pritegnejo pozornost.<\/p>\n","protected":false},"featured_media":2511,"comment_status":"open","ping_status":"closed","template":"","meta":[],"product_brand":[],"product_cat":[50],"product_tag":[],"class_list":{"0":"post-2510","1":"product","2":"type-product","3":"status-publish","4":"has-post-thumbnail","6":"product_cat-nakit","8":"first","9":"instock","10":"shipping-taxable","11":"purchasable","12":"product-type-simple"},"yoast_head":"<!-- This site is optimized with the Yoast SEO plugin v24.7 - https:\/\/yoast.com\/wordpress\/plugins\/seo\/ -->\n<title>Uhani Dvojni trikotnik (oreh z roza) - NATUR BAJTA<\/title>\n<meta name=\"description\" content=\"Minimalisti\u010dni, a drzni ro\u010dno izdelani uhani v obliki dvojnega trikotnika pristojijo razli\u010dnim slogom in so popolni za radovedne osebnosti.\" \/>\n<meta name=\"robots\" content=\"index, follow, max-snippet:-1, max-image-preview:large, max-video-preview:-1\" \/>\n<link rel=\"canonical\" href=\"https:\/\/naturbajta.si\/en\/izdelek\/uhani-dvojni-trikotnik-oreh-z-roza\/\" \/>\n<meta property=\"og:locale\" content=\"en_US\" \/>\n<meta property=\"og:type\" content=\"article\" \/>\n<meta property=\"og:title\" content=\"Uhani Dvojni trikotnik (oreh z roza) - NATUR BAJTA\" \/>\n<meta property=\"og:description\" content=\"Minimalisti\u010dni, a drzni ro\u010dno izdelani uhani v obliki dvojnega trikotnika pristojijo razli\u010dnim slogom in so popolni za radovedne osebnosti.\" \/>\n<meta property=\"og:url\" content=\"https:\/\/naturbajta.si\/en\/izdelek\/uhani-dvojni-trikotnik-oreh-z-roza\/\" \/>\n<meta property=\"og:site_name\" content=\"NATUR BAJTA\" \/>\n<meta property=\"article:publisher\" content=\"https:\/\/www.facebook.com\/naturbajta\" \/>\n<meta property=\"article:modified_time\" content=\"2022-06-27T16:56:28+00:00\" \/>\n<meta property=\"og:image\" content=\"https:\/\/naturbajta.si\/wp-content\/uploads\/2022\/06\/Natur-Bajta-izdelek-30.jpg\" \/>\n\t<meta property=\"og:image:width\" content=\"1200\" \/>\n\t<meta property=\"og:image:height\" content=\"798\" \/>\n\t<meta property=\"og:image:type\" content=\"image\/jpeg\" \/>\n<meta name=\"twitter:card\" content=\"summary_large_image\" \/>\n<meta name=\"twitter:label1\" content=\"Est. reading time\" \/>\n\t<meta name=\"twitter:data1\" content=\"1 minute\" \/>\n<script type=\"application\/ld+json\" class=\"yoast-schema-graph\">{\"@context\":\"https:\/\/schema.org\",\"@graph\":[{\"@type\":\"WebPage\",\"@id\":\"https:\/\/naturbajta.si\/en\/izdelek\/uhani-dvojni-trikotnik-oreh-z-roza\/\",\"url\":\"https:\/\/naturbajta.si\/en\/izdelek\/uhani-dvojni-trikotnik-oreh-z-roza\/\",\"name\":\"Uhani Dvojni trikotnik (oreh z roza) - NATUR BAJTA\",\"isPartOf\":{\"@id\":\"https:\/\/naturbajta.si\/en\/#website\"},\"primaryImageOfPage\":{\"@id\":\"https:\/\/naturbajta.si\/en\/izdelek\/uhani-dvojni-trikotnik-oreh-z-roza\/#primaryimage\"},\"image\":{\"@id\":\"https:\/\/naturbajta.si\/en\/izdelek\/uhani-dvojni-trikotnik-oreh-z-roza\/#primaryimage\"},\"thumbnailUrl\":\"https:\/\/naturbajta.si\/wp-content\/uploads\/2022\/06\/Natur-Bajta-izdelek-30.jpg\",\"datePublished\":\"2022-06-27T15:59:11+00:00\",\"dateModified\":\"2022-06-27T16:56:28+00:00\",\"description\":\"Minimalisti\u010dni, a drzni ro\u010dno izdelani uhani v obliki dvojnega trikotnika pristojijo razli\u010dnim slogom in so popolni za radovedne osebnosti.\",\"breadcrumb\":{\"@id\":\"https:\/\/naturbajta.si\/en\/izdelek\/uhani-dvojni-trikotnik-oreh-z-roza\/#breadcrumb\"},\"inLanguage\":\"en-US\",\"potentialAction\":[{\"@type\":\"ReadAction\",\"target\":[\"https:\/\/naturbajta.si\/en\/izdelek\/uhani-dvojni-trikotnik-oreh-z-roza\/\"]}]},{\"@type\":\"ImageObject\",\"inLanguage\":\"en-US\",\"@id\":\"https:\/\/naturbajta.si\/en\/izdelek\/uhani-dvojni-trikotnik-oreh-z-roza\/#primaryimage\",\"url\":\"https:\/\/naturbajta.si\/wp-content\/uploads\/2022\/06\/Natur-Bajta-izdelek-30.jpg\",\"contentUrl\":\"https:\/\/naturbajta.si\/wp-content\/uploads\/2022\/06\/Natur-Bajta-izdelek-30.jpg\",\"width\":1200,\"height\":798},{\"@type\":\"BreadcrumbList\",\"@id\":\"https:\/\/naturbajta.si\/en\/izdelek\/uhani-dvojni-trikotnik-oreh-z-roza\/#breadcrumb\",\"itemListElement\":[{\"@type\":\"ListItem\",\"position\":1,\"name\":\"Home\",\"item\":\"https:\/\/naturbajta.si\/en\/\"},{\"@type\":\"ListItem\",\"position\":2,\"name\":\"Shop\",\"item\":\"https:\/\/naturbajta.si\/en\/shop-2\/\"},{\"@type\":\"ListItem\",\"position\":3,\"name\":\"Uhani Dvojni trikotnik (oreh z roza)\"}]},{\"@type\":\"WebSite\",\"@id\":\"https:\/\/naturbajta.si\/en\/#website\",\"url\":\"https:\/\/naturbajta.si\/en\/\",\"name\":\"NATUR BAJTA\",\"description\":\"Za\u010duti naravo, za\u010duti srce\",\"publisher\":{\"@id\":\"https:\/\/naturbajta.si\/en\/#organization\"},\"potentialAction\":[{\"@type\":\"SearchAction\",\"target\":{\"@type\":\"EntryPoint\",\"urlTemplate\":\"https:\/\/naturbajta.si\/en\/?s={search_term_string}\"},\"query-input\":{\"@type\":\"PropertyValueSpecification\",\"valueRequired\":true,\"valueName\":\"search_term_string\"}}],\"inLanguage\":\"en-US\"},{\"@type\":\"Organization\",\"@id\":\"https:\/\/naturbajta.si\/en\/#organization\",\"name\":\"NATUR BAJTA\",\"url\":\"https:\/\/naturbajta.si\/en\/\",\"logo\":{\"@type\":\"ImageObject\",\"inLanguage\":\"en-US\",\"@id\":\"https:\/\/naturbajta.si\/en\/#\/schema\/logo\/image\/\",\"url\":\"https:\/\/naturbajta.si\/wp-content\/uploads\/2022\/04\/Naturbajta-logo.png\",\"contentUrl\":\"https:\/\/naturbajta.si\/wp-content\/uploads\/2022\/04\/Naturbajta-logo.png\",\"width\":1000,\"height\":969,\"caption\":\"NATUR BAJTA\"},\"image\":{\"@id\":\"https:\/\/naturbajta.si\/en\/#\/schema\/logo\/image\/\"},\"sameAs\":[\"https:\/\/www.facebook.com\/naturbajta\"]}]}<\/script>\n<!-- \/ Yoast SEO plugin. -->","yoast_head_json":{"title":"Uhani Dvojni trikotnik (oreh z roza) - NATUR BAJTA","description":"Minimalisti\u010dni, a drzni ro\u010dno izdelani uhani v obliki dvojnega trikotnika pristojijo razli\u010dnim slogom in so popolni za radovedne osebnosti.","robots":{"index":"index","follow":"follow","max-snippet":"max-snippet:-1","max-image-preview":"max-image-preview:large","max-video-preview":"max-video-preview:-1"},"canonical":"https:\/\/naturbajta.si\/en\/izdelek\/uhani-dvojni-trikotnik-oreh-z-roza\/","og_locale":"en_US","og_type":"article","og_title":"Uhani Dvojni trikotnik (oreh z roza) - NATUR BAJTA","og_description":"Minimalisti\u010dni, a drzni ro\u010dno izdelani uhani v obliki dvojnega trikotnika pristojijo razli\u010dnim slogom in so popolni za radovedne osebnosti.","og_url":"https:\/\/naturbajta.si\/en\/izdelek\/uhani-dvojni-trikotnik-oreh-z-roza\/","og_site_name":"NATUR BAJTA","article_publisher":"https:\/\/www.facebook.com\/naturbajta","article_modified_time":"2022-06-27T16:56:28+00:00","og_image":[{"width":1200,"height":798,"url":"https:\/\/naturbajta.si\/wp-content\/uploads\/2022\/06\/Natur-Bajta-izdelek-30.jpg","type":"image\/jpeg"}],"twitter_card":"summary_large_image","twitter_misc":{"Est. reading time":"1 minute"},"schema":{"@context":"https:\/\/schema.org","@graph":[{"@type":"WebPage","@id":"https:\/\/naturbajta.si\/en\/izdelek\/uhani-dvojni-trikotnik-oreh-z-roza\/","url":"https:\/\/naturbajta.si\/en\/izdelek\/uhani-dvojni-trikotnik-oreh-z-roza\/","name":"Uhani Dvojni trikotnik (oreh z roza) - NATUR BAJTA","isPartOf":{"@id":"https:\/\/naturbajta.si\/en\/#website"},"primaryImageOfPage":{"@id":"https:\/\/naturbajta.si\/en\/izdelek\/uhani-dvojni-trikotnik-oreh-z-roza\/#primaryimage"},"image":{"@id":"https:\/\/naturbajta.si\/en\/izdelek\/uhani-dvojni-trikotnik-oreh-z-roza\/#primaryimage"},"thumbnailUrl":"https:\/\/naturbajta.si\/wp-content\/uploads\/2022\/06\/Natur-Bajta-izdelek-30.jpg","datePublished":"2022-06-27T15:59:11+00:00","dateModified":"2022-06-27T16:56:28+00:00","description":"Minimalisti\u010dni, a drzni ro\u010dno izdelani uhani v obliki dvojnega trikotnika pristojijo razli\u010dnim slogom in so popolni za radovedne osebnosti.","breadcrumb":{"@id":"https:\/\/naturbajta.si\/en\/izdelek\/uhani-dvojni-trikotnik-oreh-z-roza\/#breadcrumb"},"inLanguage":"en-US","potentialAction":[{"@type":"ReadAction","target":["https:\/\/naturbajta.si\/en\/izdelek\/uhani-dvojni-trikotnik-oreh-z-roza\/"]}]},{"@type":"ImageObject","inLanguage":"en-US","@id":"https:\/\/naturbajta.si\/en\/izdelek\/uhani-dvojni-trikotnik-oreh-z-roza\/#primaryimage","url":"https:\/\/naturbajta.si\/wp-content\/uploads\/2022\/06\/Natur-Bajta-izdelek-30.jpg","contentUrl":"https:\/\/naturbajta.si\/wp-content\/uploads\/2022\/06\/Natur-Bajta-izdelek-30.jpg","width":1200,"height":798},{"@type":"BreadcrumbList","@id":"https:\/\/naturbajta.si\/en\/izdelek\/uhani-dvojni-trikotnik-oreh-z-roza\/#breadcrumb","itemListElement":[{"@type":"ListItem","position":1,"name":"Home","item":"https:\/\/naturbajta.si\/en\/"},{"@type":"ListItem","position":2,"name":"Shop","item":"https:\/\/naturbajta.si\/en\/shop-2\/"},{"@type":"ListItem","position":3,"name":"Uhani Dvojni trikotnik (oreh z roza)"}]},{"@type":"WebSite","@id":"https:\/\/naturbajta.si\/en\/#website","url":"https:\/\/naturbajta.si\/en\/","name":"NATUR BAJTA","description":"Za\u010duti naravo, za\u010duti srce","publisher":{"@id":"https:\/\/naturbajta.si\/en\/#organization"},"potentialAction":[{"@type":"SearchAction","target":{"@type":"EntryPoint","urlTemplate":"https:\/\/naturbajta.si\/en\/?s={search_term_string}"},"query-input":{"@type":"PropertyValueSpecification","valueRequired":true,"valueName":"search_term_string"}}],"inLanguage":"en-US"},{"@type":"Organization","@id":"https:\/\/naturbajta.si\/en\/#organization","name":"NATUR BAJTA","url":"https:\/\/naturbajta.si\/en\/","logo":{"@type":"ImageObject","inLanguage":"en-US","@id":"https:\/\/naturbajta.si\/en\/#\/schema\/logo\/image\/","url":"https:\/\/naturbajta.si\/wp-content\/uploads\/2022\/04\/Naturbajta-logo.png","contentUrl":"https:\/\/naturbajta.si\/wp-content\/uploads\/2022\/04\/Naturbajta-logo.png","width":1000,"height":969,"caption":"NATUR BAJTA"},"image":{"@id":"https:\/\/naturbajta.si\/en\/#\/schema\/logo\/image\/"},"sameAs":["https:\/\/www.facebook.com\/naturbajta"]}]}},"_links":{"self":[{"href":"https:\/\/naturbajta.si\/en\/wp-json\/wp\/v2\/product\/2510","targetHints":{"allow":["GET"]}}],"collection":[{"href":"https:\/\/naturbajta.si\/en\/wp-json\/wp\/v2\/product"}],"about":[{"href":"https:\/\/naturbajta.si\/en\/wp-json\/wp\/v2\/types\/product"}],"replies":[{"embeddable":true,"href":"https:\/\/naturbajta.si\/en\/wp-json\/wp\/v2\/comments?post=2510"}],"wp:featuredmedia":[{"embeddable":true,"href":"https:\/\/naturbajta.si\/en\/wp-json\/wp\/v2\/media\/2511"}],"wp:attachment":[{"href":"https:\/\/naturbajta.si\/en\/wp-json\/wp\/v2\/media?parent=2510"}],"wp:term":[{"taxonomy":"product_brand","embeddable":true,"href":"https:\/\/naturbajta.si\/en\/wp-json\/wp\/v2\/product_brand?post=2510"},{"taxonomy":"product_cat","embeddable":true,"href":"https:\/\/naturbajta.si\/en\/wp-json\/wp\/v2\/product_cat?post=2510"},{"taxonomy":"product_tag","embeddable":true,"href":"https:\/\/naturbajta.si\/en\/wp-json\/wp\/v2\/product_tag?post=2510"}],"curies":[{"name":"wp","href":"https:\/\/api.w.org\/{rel}","templated":true}]}}